{"id":3552,"date":"2014-04-04T01:06:52","date_gmt":"2014-04-04T01:06:52","guid":{"rendered":"http:\/\/www.sabo-esp.com\/?page_id=3552"},"modified":"2014-11-13T20:09:14","modified_gmt":"2014-11-13T20:09:14","slug":"faqs-deposito-espumogeno-atmosfericos","status":"publish","type":"page","link":"https:\/\/www.sabo-esp.com\/ru\/faqs\/faqs-deposito-espumogeno-atmosfericos\/","title":{"rendered":"(Espa\u00f1ol) FAQs &#8212; Deposito Espum\u00f3geno Atmosf\u00e9ricos"},"content":{"rendered":"","protected":false},"excerpt":{"rendered":"","protected":false},"author":1,"featured_media":0,"parent":1542,"menu_order":0,"comment_status":"closed","ping_status":"closed","template":"template-sidebar-right.php","meta":[],"_links":{"self":[{"href":"https:\/\/www.sabo-esp.com\/ru\/wp-json\/wp\/v2\/pages\/3552"}],"collection":[{"href":"https:\/\/www.sabo-esp.com\/ru\/wp-json\/wp\/v2\/pages"}],"about":[{"href":"https:\/\/www.sabo-esp.com\/ru\/wp-json\/wp\/v2\/types\/page"}],"author":[{"embeddable":true,"href":"https:\/\/www.sabo-esp.com\/ru\/wp-json\/wp\/v2\/users\/1"}],"replies":[{"embeddable":true,"href":"https:\/\/www.sabo-esp.com\/ru\/wp-json\/wp\/v2\/comments?post=3552"}],"version-history":[{"count":0,"href":"https:\/\/www.sabo-esp.com\/ru\/wp-json\/wp\/v2\/pages\/3552\/revisions"}],"up":[{"embeddable":true,"href":"https:\/\/www.sabo-esp.com\/ru\/wp-json\/wp\/v2\/pages\/1542"}],"wp:attachment":[{"href":"https:\/\/www.sabo-esp.com\/ru\/wp-json\/wp\/v2\/media?parent=3552"}],"curies":[{"name":"wp","href":"https:\/\/api.w.org\/{rel}","templated":true}]}}